{"id":186,"date":"2015-07-10T20:07:11","date_gmt":"2015-07-10T20:07:11","guid":{"rendered":"http:\/\/webredox.net\/demo\/wp\/bionick\/demo1\/?page_id=6"},"modified":"2023-02-28T17:08:27","modified_gmt":"2023-02-28T16:08:27","slug":"about-2","status":"publish","type":"page","link":"https:\/\/agence-answer.com\/index.php\/about-2\/","title":{"rendered":"\u00c0 propos"},"content":{"rendered":"\n<p>[vc_row][vc_column]\n\t\t     <div class=\"text-title \" style=\"background:;\">\n\t\t\t <h2 style=\"margin:;padding:; color:#191919; font-size:26px; font-weight:; line-height:; text-align:; text-transform:;\">L\u2019image est au c\u0153ur de tout, ANSWER cr\u00e9e la v\u00f4tre. <\/h2>\n\t\t\t <\/div>\n                \n\t\t\t\t\n\t\t     <div class=\"sec-text \" style=\"background:;\">\n\t\t\t <p style=\"margin:;padding:; color:; font-size:; font-weight:; line-height:; text-align:; text-transform:;\"><\/p>\n<b><p><strong>Bas\u00e9e en r\u00e9gion parisienne et sp\u00e9cialis\u00e9e dans l&rsquo;Entertainment, mon agence cr\u00e9e vos supports Print, Web et Vid\u00e9o.<\/strong><\/b><br>Parce que vous \u00eates unique, que vous soyez TPE\/PME ou grand groupe, je vous apporte une communication adapt\u00e9e \u00e0 votre image et donne un sens visuel \u00e0 vos projets. <b><strong>Chaque entreprise a une histoire \u00e0 partager : racontons la ensemble.<\/strong><\/p><\/b>\n<p>Dipl\u00f4m\u00e9 de l\u2019\u00e9cole sup\u00e9rieure d\u2019art Brassart \u00e0 Tours en 2001, j&rsquo;ai aiguis\u00e9 mon sens de l\u2019image en agence de communication. <br>Cin\u00e9phile averti, depuis toujours passionn\u00e9 de musique et de culture sous toutes ses formes, mon parcours s\u2019oriente vers <b>l\u2019<strong>imagerie de spectacle<\/strong><\/b> \u00e0 mon arriv\u00e9e \u00e0 Paris en 2005. J&rsquo;ai eu la chance de travailler pour diff\u00e9rents distributeurs de cin\u00e9ma (Disney Pixar, Fox, Warner, Path\u00e9, TFM, etc.), et de cr\u00e9er des affiches de film comme celles de <b><strong>\u00ab\u00a0Wall-E\u00a0\u00bb<\/strong><\/b> d&rsquo;Andrew Stanton ou <b><strong>\u00ab\u00a0Australia\u00a0\u00bb<\/strong><\/b> de Baz Luhrmann. L&rsquo;univers de la <b><strong>com\u00e9die musicale<\/strong><\/b> me fascine \u00e9galement, m&rsquo;amenant \u00e0 travailler pour des productions comme <b><strong>Le Roi Lion, Cabaret, Cats, Oliver Twist le musical, Cubanista, L\u2019\u00eele au Tr\u00e9sor le musical, etc.<\/strong><\/b><br>En accord avec mes valeurs, j&rsquo;accompagne l\u2019association Solidarit\u00e9 Sida depuis 2018 en cr\u00e9ant les univers visuels du festival <b><strong>Solidays<\/strong><\/b>. J&rsquo;ai \u00e9galement collabor\u00e9 au sein de leur \u00e9quipe \u00e0 la campagne <b><strong>Treatment4all<\/strong><\/b> pour l\u2019acc\u00e8s aux m\u00e9dicaments pour tous dans le monde.<br>\nMa singularit\u00e9 ? J&rsquo;aime mon m\u00e9tier. Et quand on aime ce que l&rsquo;on fait, on le fait bien. <b>\nAu plaisir de travailler prochainement avec vous.<\/b><\/p>\n<b><i><p><em><strong>Florent CHOFFEL \/ Directeur artistique et fondateur de l\u2019agence ANSWER<\/strong><\/em><\/b><\/i><\/p>\n<p><\/p>\n\t\t\t <\/div>\n                \n\t\t\t\t\n\t\t     <div class=\"sec-button \">\n\t\t\t <a class=\"btn hide-icon\" href=\"https:\/\/agence-answer.com\/index.php\/portfolio-style-2\/\" target=\"\" style=\"margin:;padding:; background:; color:; border:; border-radius:; font-size:; font-weight:; float:;text-transform:;\"><i class=\"fa fa-angle-right\"><\/i><span>VOIR MES R\u00c9ALISATIONS<\/span><\/a>\n\t\t\t <\/div>\n                \n\t\t\t\t[\/vc_column][\/vc_row]<\/p>\n<p>&nbsp;<\/p>\n\n\n\n<figure class=\"wp-block-image size-large\"><img loading=\"lazy\" decoding=\"async\" width=\"600\" height=\"383\" src=\"https:\/\/agence-answer.com\/wp-content\/uploads\/2021\/01\/atwork.jpg\" alt=\"\" class=\"wp-image-684\" align=\"left\" srcset=\"https:\/\/agence-answer.com\/wp-content\/uploads\/2021\/01\/atwork.jpg 600w, https:\/\/agence-answer.com\/wp-content\/uploads\/2021\/01\/atwork-300x192.jpg 300w\" sizes=\"(max-width: 600px) 100vw, 600px\" \/><\/figure>\n","protected":false},"excerpt":{"rendered":"<p>[vc_row][vc_column][\/vc_column][\/vc_row] &nbsp;<\/p>\n","protected":false},"author":1,"featured_media":666,"parent":0,"menu_order":0,"comment_status":"open","ping_status":"open","template":"home-page.php","meta":{"_exactmetrics_skip_tracking":false,"_exactmetrics_sitenote_active":false,"_exactmetrics_sitenote_note":"","_exactmetrics_sitenote_category":0,"footnotes":""},"_links":{"self":[{"href":"https:\/\/agence-answer.com\/index.php\/wp-json\/wp\/v2\/pages\/186"}],"collection":[{"href":"https:\/\/agence-answer.com\/index.php\/wp-json\/wp\/v2\/pages"}],"about":[{"href":"https:\/\/agence-answer.com\/index.php\/wp-json\/wp\/v2\/types\/page"}],"author":[{"embeddable":true,"href":"https:\/\/agence-answer.com\/index.php\/wp-json\/wp\/v2\/users\/1"}],"replies":[{"embeddable":true,"href":"https:\/\/agence-answer.com\/index.php\/wp-json\/wp\/v2\/comments?post=186"}],"version-history":[{"count":76,"href":"https:\/\/agence-answer.com\/index.php\/wp-json\/wp\/v2\/pages\/186\/revisions"}],"predecessor-version":[{"id":749,"href":"https:\/\/agence-answer.com\/index.php\/wp-json\/wp\/v2\/pages\/186\/revisions\/749"}],"wp:featuredmedia":[{"embeddable":true,"href":"https:\/\/agence-answer.com\/index.php\/wp-json\/wp\/v2\/media\/666"}],"wp:attachment":[{"href":"https:\/\/agence-answer.com\/index.php\/wp-json\/wp\/v2\/media?parent=186"}],"curies":[{"name":"wp","href":"https:\/\/api.w.org\/{rel}","templated":true}]}}